{"id":144,"date":"2026-01-20T09:55:52","date_gmt":"2026-01-20T08:55:52","guid":{"rendered":"https:\/\/ferreteriajf.com\/?page_id=144"},"modified":"2026-02-02T11:59:26","modified_gmt":"2026-02-02T10:59:26","slug":"sobre-nosotros","status":"publish","type":"page","link":"https:\/\/ferreteriajf.com\/?page_id=144","title":{"rendered":"Sobre Nosotros"},"content":{"rendered":"\t\t<div data-elementor-type=\"wp-page\" data-elementor-id=\"144\" class=\"elementor elementor-144\">\n\t\t\t\t<div class=\"elementor-element elementor-element-74afd3d e-flex e-con-boxed e-con e-parent\" data-id=\"74afd3d\" data-element_type=\"container\" data-settings=\"{&quot;background_background&quot;:&quot;classic&quot;}\">\n\t\t\t\t\t<div class=\"e-con-inner\">\n\t\t\t\t<div class=\"elementor-element elementor-element-280aa041 elementor-widget elementor-widget-heading\" data-id=\"280aa041\" data-element_type=\"widget\" data-widget_type=\"heading.default\">\n\t\t\t\t\t<h1 class=\"elementor-heading-title elementor-size-default\">Sobre Nosotros<\/h1>\t\t\t\t<\/div>\n\t\t\t\t\t<\/div>\n\t\t\t\t<\/div>\n\t\t<div class=\"elementor-element elementor-element-15f8ddd4 e-flex e-con-boxed e-con e-parent\" data-id=\"15f8ddd4\" data-element_type=\"container\" data-settings=\"{&quot;background_background&quot;:&quot;classic&quot;}\">\n\t\t\t\t\t<div class=\"e-con-inner\">\n\t\t<div class=\"elementor-element elementor-element-2e455812 e-con-full e-flex elementor-invisible e-con e-child\" data-id=\"2e455812\" data-element_type=\"container\" data-settings=\"{&quot;animation&quot;:&quot;fadeInUp&quot;}\">\n\t\t\t\t<div class=\"elementor-element elementor-element-45c223a3 elementor-widget elementor-widget-image\" data-id=\"45c223a3\" data-element_type=\"widget\" data-widget_type=\"image.default\">\n\t\t\t\t\t\t\t\t\t\t\t\t\t\t\t<img fetchpriority=\"high\" decoding=\"async\" width=\"1600\" height=\"1200\" src=\"https:\/\/ferreteriajf.com\/wp-content\/uploads\/2026\/01\/Tienda.jpeg\" class=\"attachment-full size-full wp-image-99\" alt=\"\" srcset=\"https:\/\/ferreteriajf.com\/wp-content\/uploads\/2026\/01\/Tienda.jpeg 1600w, https:\/\/ferreteriajf.com\/wp-content\/uploads\/2026\/01\/Tienda-300x225.jpeg 300w, https:\/\/ferreteriajf.com\/wp-content\/uploads\/2026\/01\/Tienda-1024x768.jpeg 1024w, https:\/\/ferreteriajf.com\/wp-content\/uploads\/2026\/01\/Tienda-768x576.jpeg 768w, https:\/\/ferreteriajf.com\/wp-content\/uploads\/2026\/01\/Tienda-1536x1152.jpeg 1536w\" sizes=\"(max-width: 1600px) 100vw, 1600px\" \/>\t\t\t\t\t\t\t\t\t\t\t\t\t\t\t<\/div>\n\t\t\t\t<\/div>\n\t\t<div class=\"elementor-element elementor-element-7070e6fb e-con-full e-flex e-con e-child\" data-id=\"7070e6fb\" data-element_type=\"container\">\n\t\t\t\t<div class=\"elementor-element elementor-element-645494ee elementor-widget elementor-widget-text-editor\" data-id=\"645494ee\" data-element_type=\"widget\" data-widget_type=\"text-editor.default\">\n\t\t\t\t\t\t\t\t\t<p data-start=\"142\" data-end=\"476\">En JF Ferreter\u00eda Fontaner\u00eda buscamos cercan\u00eda con nuestros clientes a trav\u00e9s del trato amable, oportuno y ofreciendo productos de calidad.<\/p><p data-start=\"142\" data-end=\"476\">Nuestro principal objetivo es cubrir las necesidades de las personas que nos visiten.<\/p><p data-start=\"478\" data-end=\"826\">Trabajamos siguiendo un sistema de gesti\u00f3n bien definido, donde cada fase del proyecto se analiza, organiza y ejecuta con rigor. Este modelo de trabajo nos ayuda a optimizar tiempos y recursos, garantizando intervenciones eficientes, soluciones duraderas y un alto nivel de calidad, siempre adapt\u00e1ndonos a las necesidades concretas de cada cliente.<\/p>\t\t\t\t\t\t\t\t<\/div>\n\t\t\t\t<\/div>\n\t\t\t\t\t<\/div>\n\t\t\t\t<\/div>\n\t\t<div class=\"elementor-element elementor-element-452b211b e-flex e-con-boxed e-con e-parent\" data-id=\"452b211b\" data-element_type=\"container\">\n\t\t\t\t\t<div class=\"e-con-inner\">\n\t\t<div class=\"elementor-element elementor-element-2606631e e-con-full e-flex e-con e-child\" data-id=\"2606631e\" data-element_type=\"container\" data-settings=\"{&quot;background_background&quot;:&quot;classic&quot;}\">\n\t\t\t\t<div class=\"elementor-element elementor-element-541c08e9 elementor-widget elementor-widget-counter\" data-id=\"541c08e9\" data-element_type=\"widget\" data-widget_type=\"counter.default\">\n\t\t\t\t\t\t\t<div class=\"elementor-counter\">\n\t\t\t<div class=\"elementor-counter-title\">A\u00f1os de Experiencia<\/div>\t\t\t<div class=\"elementor-counter-number-wrapper\">\n\t\t\t\t<span class=\"elementor-counter-number-prefix\"><\/span>\n\t\t\t\t<span class=\"elementor-counter-number\" data-duration=\"2000\" data-to-value=\"51\" data-from-value=\"0\" data-delimiter=\",\">0<\/span>\n\t\t\t\t<span class=\"elementor-counter-number-suffix\">+<\/span>\n\t\t\t<\/div>\n\t\t<\/div>\n\t\t\t\t\t\t<\/div>\n\t\t\t\t<div class=\"elementor-element elementor-element-649dceab elementor-widget elementor-widget-counter\" data-id=\"649dceab\" data-element_type=\"widget\" data-widget_type=\"counter.default\">\n\t\t\t\t\t\t\t<div class=\"elementor-counter\">\n\t\t\t<div class=\"elementor-counter-title\">Clientes Atendidos<\/div>\t\t\t<div class=\"elementor-counter-number-wrapper\">\n\t\t\t\t<span class=\"elementor-counter-number-prefix\"><\/span>\n\t\t\t\t<span class=\"elementor-counter-number\" data-duration=\"2000\" data-to-value=\"5000\" data-from-value=\"0\">0<\/span>\n\t\t\t\t<span class=\"elementor-counter-number-suffix\">+<\/span>\n\t\t\t<\/div>\n\t\t<\/div>\n\t\t\t\t\t\t<\/div>\n\t\t\t\t<div class=\"elementor-element elementor-element-1efe6665 elementor-widget elementor-widget-counter\" data-id=\"1efe6665\" data-element_type=\"widget\" data-widget_type=\"counter.default\">\n\t\t\t\t\t\t\t<div class=\"elementor-counter\">\n\t\t\t<div class=\"elementor-counter-title\">Satisfacci\u00f3n<\/div>\t\t\t<div class=\"elementor-counter-number-wrapper\">\n\t\t\t\t<span class=\"elementor-counter-number-prefix\"><\/span>\n\t\t\t\t<span class=\"elementor-counter-number\" data-duration=\"2000\" data-to-value=\"100\" data-from-value=\"0\" data-delimiter=\",\">0<\/span>\n\t\t\t\t<span class=\"elementor-counter-number-suffix\">%<\/span>\n\t\t\t<\/div>\n\t\t<\/div>\n\t\t\t\t\t\t<\/div>\n\t\t\t\t<\/div>\n\t\t\t\t\t<\/div>\n\t\t\t\t<\/div>\n\t\t\t\t<\/div>\n\t\t","protected":false},"excerpt":{"rendered":"<p>Sobre Nosotros En JF Ferreter\u00eda Fontaner\u00eda buscamos cercan\u00eda con nuestros clientes a trav\u00e9s del trato amable, oportuno y ofreciendo productos de calidad. Nuestro principal objetivo es cubrir las necesidades de las personas que nos visiten. Trabajamos siguiendo un sistema de gesti\u00f3n bien definido, donde cada fase del proyecto se analiza, organiza y ejecuta con rigor. [&hellip;]<\/p>\n","protected":false},"author":1,"featured_media":0,"parent":0,"menu_order":0,"comment_status":"closed","ping_status":"closed","template":"elementor_header_footer","meta":{"footnotes":""},"class_list":["post-144","page","type-page","status-publish","hentry"],"_links":{"self":[{"href":"https:\/\/ferreteriajf.com\/index.php?rest_route=\/wp\/v2\/pages\/144","targetHints":{"allow":["GET"]}}],"collection":[{"href":"https:\/\/ferreteriajf.com\/index.php?rest_route=\/wp\/v2\/pages"}],"about":[{"href":"https:\/\/ferreteriajf.com\/index.php?rest_route=\/wp\/v2\/types\/page"}],"author":[{"embeddable":true,"href":"https:\/\/ferreteriajf.com\/index.php?rest_route=\/wp\/v2\/users\/1"}],"replies":[{"embeddable":true,"href":"https:\/\/ferreteriajf.com\/index.php?rest_route=%2Fwp%2Fv2%2Fcomments&post=144"}],"version-history":[{"count":13,"href":"https:\/\/ferreteriajf.com\/index.php?rest_route=\/wp\/v2\/pages\/144\/revisions"}],"predecessor-version":[{"id":302,"href":"https:\/\/ferreteriajf.com\/index.php?rest_route=\/wp\/v2\/pages\/144\/revisions\/302"}],"wp:attachment":[{"href":"https:\/\/ferreteriajf.com\/index.php?rest_route=%2Fwp%2Fv2%2Fmedia&parent=144"}],"curies":[{"name":"wp","href":"https:\/\/api.w.org\/{rel}","templated":true}]}}