{"id":249,"date":"2026-01-20T11:24:45","date_gmt":"2026-01-20T10:24:45","guid":{"rendered":"https:\/\/ferreteriajf.com\/?page_id=249"},"modified":"2026-01-20T11:36:13","modified_gmt":"2026-01-20T10:36:13","slug":"contacto","status":"publish","type":"page","link":"https:\/\/ferreteriajf.com\/?page_id=249","title":{"rendered":"Contacto"},"content":{"rendered":"\t\t<div data-elementor-type=\"wp-page\" data-elementor-id=\"249\" class=\"elementor elementor-249\">\n\t\t\t\t<div class=\"elementor-element elementor-element-74afd3d e-flex e-con-boxed e-con e-parent\" data-id=\"74afd3d\" data-element_type=\"container\" data-settings=\"{&quot;background_background&quot;:&quot;classic&quot;}\">\n\t\t\t\t\t<div class=\"e-con-inner\">\n\t\t\t\t<div class=\"elementor-element elementor-element-280aa041 elementor-widget elementor-widget-heading\" data-id=\"280aa041\" data-element_type=\"widget\" data-widget_type=\"heading.default\">\n\t\t\t\t\t<h1 class=\"elementor-heading-title elementor-size-default\">Cont\u00e1ctanos<\/h1>\t\t\t\t<\/div>\n\t\t\t\t\t<\/div>\n\t\t\t\t<\/div>\n\t\t<div class=\"elementor-element elementor-element-18a69c3 e-flex e-con-boxed e-con e-parent\" data-id=\"18a69c3\" data-element_type=\"container\">\n\t\t\t\t\t<div class=\"e-con-inner\">\n\t\t<div class=\"elementor-element elementor-element-689b8a9f e-con-full e-flex e-con e-child\" data-id=\"689b8a9f\" data-element_type=\"container\">\n\t\t\t\t<div class=\"elementor-element elementor-element-4e82228b elementor-position-top elementor-invisible elementor-widget elementor-widget-image-box\" data-id=\"4e82228b\" data-element_type=\"widget\" data-settings=\"{&quot;_animation&quot;:&quot;fadeInRight&quot;}\" data-widget_type=\"image-box.default\">\n\t\t\t\t\t<div class=\"elementor-image-box-wrapper\"><figure class=\"elementor-image-box-img\"><img decoding=\"async\" width=\"101\" height=\"101\" src=\"https:\/\/ferreteriajf.com\/wp-content\/uploads\/2026\/01\/icon6.png\" class=\"attachment-full size-full wp-image-47\" alt=\"\" \/><\/figure><div class=\"elementor-image-box-content\"><h3 class=\"elementor-image-box-title\">Ll\u00e1manos<\/h3><p class=\"elementor-image-box-description\">Fijo:       910 183 682  <br>\nM\u00f3vil:   657 59 77 70\n<\/p><\/div><\/div>\t\t\t\t<\/div>\n\t\t\t\t<\/div>\n\t\t<div class=\"elementor-element elementor-element-1ad695db e-con-full e-flex e-con e-child\" data-id=\"1ad695db\" data-element_type=\"container\">\n\t\t\t\t<div class=\"elementor-element elementor-element-254b4623 elementor-position-top elementor-invisible elementor-widget elementor-widget-image-box\" data-id=\"254b4623\" data-element_type=\"widget\" data-settings=\"{&quot;_animation&quot;:&quot;fadeInDown&quot;}\" data-widget_type=\"image-box.default\">\n\t\t\t\t\t<div class=\"elementor-image-box-wrapper\"><figure class=\"elementor-image-box-img\"><img decoding=\"async\" width=\"101\" height=\"101\" src=\"https:\/\/ferreteriajf.com\/wp-content\/uploads\/2026\/01\/icon8.png\" class=\"attachment-full size-full wp-image-48\" alt=\"\" \/><\/figure><div class=\"elementor-image-box-content\"><h3 class=\"elementor-image-box-title\">Direcci\u00f3n<\/h3><p class=\"elementor-image-box-description\">Callej\u00f3n del Gato n\u00ba1 Local. Majadahonda  \n<\/p><\/div><\/div>\t\t\t\t<\/div>\n\t\t\t\t<\/div>\n\t\t<div class=\"elementor-element elementor-element-72cfd159 e-con-full e-flex e-con e-child\" data-id=\"72cfd159\" data-element_type=\"container\">\n\t\t\t\t<div class=\"elementor-element elementor-element-37bec68a elementor-position-top elementor-invisible elementor-widget elementor-widget-image-box\" data-id=\"37bec68a\" data-element_type=\"widget\" data-settings=\"{&quot;_animation&quot;:&quot;fadeInLeft&quot;}\" data-widget_type=\"image-box.default\">\n\t\t\t\t\t<div class=\"elementor-image-box-wrapper\"><figure class=\"elementor-image-box-img\"><img decoding=\"async\" width=\"101\" height=\"101\" src=\"https:\/\/ferreteriajf.com\/wp-content\/uploads\/2026\/01\/icon7.png\" class=\"attachment-full size-full wp-image-49\" alt=\"\" \/><\/figure><div class=\"elementor-image-box-content\"><h3 class=\"elementor-image-box-title\">Email<\/h3><p class=\"elementor-image-box-description\">info@ferreteriajf.com<br>\n<span style=\"color: white\">.<\/span>\n<\/p><\/div><\/div>\t\t\t\t<\/div>\n\t\t\t\t<\/div>\n\t\t\t\t\t<\/div>\n\t\t\t\t<\/div>\n\t\t<div class=\"elementor-element elementor-element-7b377607 e-flex e-con-boxed e-con e-parent\" data-id=\"7b377607\" data-element_type=\"container\">\n\t\t\t\t\t<div class=\"e-con-inner\">\n\t\t<div class=\"elementor-element elementor-element-6bbe8422 e-con-full e-flex e-con e-child\" data-id=\"6bbe8422\" data-element_type=\"container\">\n\t\t\t\t<div class=\"elementor-element elementor-element-47ab6333 elementor-widget elementor-widget-image\" data-id=\"47ab6333\" data-element_type=\"widget\" data-widget_type=\"image.default\">\n\t\t\t\t\t\t\t\t\t\t\t\t\t\t\t<img loading=\"lazy\" decoding=\"async\" width=\"684\" height=\"1024\" src=\"https:\/\/ferreteriajf.com\/wp-content\/uploads\/2026\/01\/pexels-cottonbro-3202235-684x1024.jpg\" class=\"attachment-large size-large wp-image-221\" alt=\"\" srcset=\"https:\/\/ferreteriajf.com\/wp-content\/uploads\/2026\/01\/pexels-cottonbro-3202235-684x1024.jpg 684w, https:\/\/ferreteriajf.com\/wp-content\/uploads\/2026\/01\/pexels-cottonbro-3202235-200x300.jpg 200w, https:\/\/ferreteriajf.com\/wp-content\/uploads\/2026\/01\/pexels-cottonbro-3202235-768x1150.jpg 768w, https:\/\/ferreteriajf.com\/wp-content\/uploads\/2026\/01\/pexels-cottonbro-3202235-1026x1536.jpg 1026w, https:\/\/ferreteriajf.com\/wp-content\/uploads\/2026\/01\/pexels-cottonbro-3202235-1368x2048.jpg 1368w, https:\/\/ferreteriajf.com\/wp-content\/uploads\/2026\/01\/pexels-cottonbro-3202235-scaled.jpg 1710w\" sizes=\"(max-width: 684px) 100vw, 684px\" \/>\t\t\t\t\t\t\t\t\t\t\t\t\t\t\t<\/div>\n\t\t\t\t<\/div>\n\t\t<div class=\"elementor-element elementor-element-6bac9e79 e-con-full e-flex e-con e-child\" data-id=\"6bac9e79\" data-element_type=\"container\" data-settings=\"{&quot;background_background&quot;:&quot;classic&quot;}\">\n\t\t\t\t<div class=\"elementor-element elementor-element-1c618048 elementor-widget elementor-widget-shortcode\" data-id=\"1c618048\" data-element_type=\"widget\" data-widget_type=\"shortcode.default\">\n\t\t\t\t\t\t\t<div class=\"elementor-shortcode\">\n<div class=\"wpcf7 no-js\" id=\"wpcf7-f220-o1\" lang=\"es-ES\" dir=\"ltr\" data-wpcf7-id=\"220\">\n<div class=\"screen-reader-response\"><p role=\"status\" aria-live=\"polite\" aria-atomic=\"true\"><\/p> <ul><\/ul><\/div>\n<form action=\"\/index.php?rest_route=%2Fwp%2Fv2%2Fpages%2F249#wpcf7-f220-o1\" method=\"post\" class=\"wpcf7-form init\" aria-label=\"Formulario de contacto\" novalidate=\"novalidate\" data-status=\"init\">\n<fieldset class=\"hidden-fields-container\"><input type=\"hidden\" name=\"_wpcf7\" value=\"220\" \/><input type=\"hidden\" name=\"_wpcf7_version\" value=\"6.1.4\" \/><input type=\"hidden\" name=\"_wpcf7_locale\" value=\"es_ES\" \/><input type=\"hidden\" name=\"_wpcf7_unit_tag\" value=\"wpcf7-f220-o1\" \/><input type=\"hidden\" name=\"_wpcf7_container_post\" value=\"0\" \/><input type=\"hidden\" name=\"_wpcf7_posted_data_hash\" value=\"\" \/>\n<\/fieldset>\n<p><label> Nombre<br \/>\n<span class=\"wpcf7-form-control-wrap\" data-name=\"your-name\"><input size=\"40\" maxlength=\"400\" class=\"wpcf7-form-control wpcf7-text wpcf7-validates-as-required\" aria-required=\"true\" aria-invalid=\"false\" placeholder=\"Nombre\" value=\"\" type=\"text\" name=\"your-name\" \/><\/span><br \/>\n<\/label>\n<\/p>\n<p><label> Correo electr\u00f3nico<br \/>\n<span class=\"wpcf7-form-control-wrap\" data-name=\"your-email\"><input size=\"40\" maxlength=\"400\" class=\"wpcf7-form-control wpcf7-email wpcf7-validates-as-required wpcf7-text wpcf7-validates-as-email\" aria-required=\"true\" aria-invalid=\"false\" placeholder=\"Correo electr\u00f3nico\" value=\"\" type=\"email\" name=\"your-email\" \/><\/span><br \/>\n<\/label>\n<\/p>\n<p><label> Asunto<br \/>\n<span class=\"wpcf7-form-control-wrap\" data-name=\"your-subject\"><input size=\"40\" maxlength=\"400\" class=\"wpcf7-form-control wpcf7-text wpcf7-validates-as-required\" aria-required=\"true\" aria-invalid=\"false\" placeholder=\"Asunto\" value=\"\" type=\"text\" name=\"your-subject\" \/><\/span><br \/>\n<\/label>\n<\/p>\n<p><label> Mensaje<br \/>\n<span class=\"wpcf7-form-control-wrap\" data-name=\"your-message\"><textarea cols=\"40\" rows=\"10\" maxlength=\"2000\" class=\"wpcf7-form-control wpcf7-textarea\" aria-invalid=\"false\" placeholder=\"Escribe tu mensaje aqu\u00ed\" name=\"your-message\"><\/textarea><\/span><br \/>\n<\/label>\n<\/p>\n<p><input class=\"wpcf7-form-control wpcf7-submit has-spinner\" type=\"submit\" value=\"Enviar\" \/>\n<\/p><div class=\"wpcf7-response-output\" aria-hidden=\"true\"><\/div>\n<\/form>\n<\/div>\n<\/div>\n\t\t\t\t\t\t<\/div>\n\t\t\t\t<\/div>\n\t\t\t\t\t<\/div>\n\t\t\t\t<\/div>\n\t\t\t\t<\/div>\n\t\t","protected":false},"excerpt":{"rendered":"<p>Cont\u00e1ctanos Ll\u00e1manos Fijo: 910 183 682 M\u00f3vil: 657 59 77 70 Direcci\u00f3n Callej\u00f3n del Gato n\u00ba1 Local. Majadahonda Email info@ferreteriajf.com .<\/p>\n","protected":false},"author":1,"featured_media":0,"parent":0,"menu_order":0,"comment_status":"closed","ping_status":"closed","template":"","meta":{"footnotes":""},"class_list":["post-249","page","type-page","status-publish","hentry"],"_links":{"self":[{"href":"https:\/\/ferreteriajf.com\/index.php?rest_route=\/wp\/v2\/pages\/249","targetHints":{"allow":["GET"]}}],"collection":[{"href":"https:\/\/ferreteriajf.com\/index.php?rest_route=\/wp\/v2\/pages"}],"about":[{"href":"https:\/\/ferreteriajf.com\/index.php?rest_route=\/wp\/v2\/types\/page"}],"author":[{"embeddable":true,"href":"https:\/\/ferreteriajf.com\/index.php?rest_route=\/wp\/v2\/users\/1"}],"replies":[{"embeddable":true,"href":"https:\/\/ferreteriajf.com\/index.php?rest_route=%2Fwp%2Fv2%2Fcomments&post=249"}],"version-history":[{"count":7,"href":"https:\/\/ferreteriajf.com\/index.php?rest_route=\/wp\/v2\/pages\/249\/revisions"}],"predecessor-version":[{"id":286,"href":"https:\/\/ferreteriajf.com\/index.php?rest_route=\/wp\/v2\/pages\/249\/revisions\/286"}],"wp:attachment":[{"href":"https:\/\/ferreteriajf.com\/index.php?rest_route=%2Fwp%2Fv2%2Fmedia&parent=249"}],"curies":[{"name":"wp","href":"https:\/\/api.w.org\/{rel}","templated":true}]}}